{"id":979,"date":"2024-01-26T12:53:02","date_gmt":"2024-01-26T12:53:02","guid":{"rendered":"https:\/\/sandraalvim.com\/?page_id=979"},"modified":"2024-03-06T20:34:10","modified_gmt":"2024-03-06T20:34:10","slug":"astrologia","status":"publish","type":"page","link":"https:\/\/sandraalvim.com\/pt-br\/astrologia\/","title":{"rendered":"Astrologia"},"content":{"rendered":"\t\t<div data-elementor-type=\"wp-page\" data-elementor-id=\"979\" class=\"elementor elementor-979\" data-elementor-post-type=\"page\">\n\t\t\t\t\t\t<section class=\"elementor-section elementor-top-section elementor-element elementor-element-9dad943 elementor-section-full_width elementor-section-height-default elementor-section-height-default\" data-id=\"9dad943\" data-element_type=\"section\" data-settings=\"{&quot;background_background&quot;:&quot;gradient&quot;}\">\n\t\t\t\t\t\t<div class=\"elementor-container elementor-column-gap-default\">\n\t\t\t\t\t<div class=\"elementor-column elementor-col-50 elementor-top-column elementor-element elementor-element-f578781\" data-id=\"f578781\" data-element_type=\"column\">\n\t\t\t<div class=\"elementor-widget-wrap elementor-element-populated\">\n\t\t\t\t\t\t<div class=\"elementor-element elementor-element-8dd533c elementor-widget elementor-widget-heading\" data-id=\"8dd533c\" data-element_type=\"widget\" data-widget_type=\"heading.default\">\n\t\t\t\t<div class=\"elementor-widget-container\">\n\t\t\t<style>\/*! elementor - v3.20.0 - 11-03-2024 *\/\n.elementor-heading-title{padding:0;margin:0;line-height:1}.elementor-widget-heading .elementor-heading-title[class*=elementor-size-]>a{color:inherit;font-size:inherit;line-height:inherit}.elementor-widget-heading .elementor-heading-title.elementor-size-small{font-size:15px}.elementor-widget-heading .elementor-heading-title.elementor-size-medium{font-size:19px}.elementor-widget-heading .elementor-heading-title.elementor-size-large{font-size:29px}.elementor-widget-heading .elementor-heading-title.elementor-size-xl{font-size:39px}.elementor-widget-heading .elementor-heading-title.elementor-size-xxl{font-size:59px}<\/style><h2 class=\"elementor-heading-title elementor-size-default\">Astrologia<\/h2>\t\t<\/div>\n\t\t\t\t<\/div>\n\t\t\t\t\t<\/div>\n\t\t<\/div>\n\t\t\t\t<div class=\"elementor-column elementor-col-50 elementor-top-column elementor-element elementor-element-3f791ac\" data-id=\"3f791ac\" data-element_type=\"column\">\n\t\t\t<div class=\"elementor-widget-wrap elementor-element-populated\">\n\t\t\t\t\t\t<div class=\"elementor-element elementor-element-e152189 elementor-icon-list--layout-inline elementor-align-right elementor-mobile-align-left elementor-list-item-link-full_width elementor-widget elementor-widget-icon-list\" data-id=\"e152189\" data-element_type=\"widget\" data-widget_type=\"icon-list.default\">\n\t\t\t\t<div class=\"elementor-widget-container\">\n\t\t\t<link rel=\"stylesheet\" href=\"https:\/\/sandraalvim.com\/wp-content\/plugins\/elementor\/assets\/css\/widget-icon-list.min.css\">\t\t<ul class=\"elementor-icon-list-items elementor-inline-items\">\n\t\t\t\t\t\t\t<li class=\"elementor-icon-list-item elementor-inline-item\">\n\t\t\t\t\t\t\t\t\t\t\t<a href=\"https:\/\/sandraalvim.com\/pt-br\/\">\n\n\t\t\t\t\t\t\t\t\t\t\t<span class=\"elementor-icon-list-text\">In\u00edcio<\/span>\n\t\t\t\t\t\t\t\t\t\t\t<\/a>\n\t\t\t\t\t\t\t\t\t<\/li>\n\t\t\t\t\t\t\t\t<li class=\"elementor-icon-list-item elementor-inline-item\">\n\t\t\t\t\t\t\t\t\t\t\t<span class=\"elementor-icon-list-icon\">\n\t\t\t\t\t\t\t<i aria-hidden=\"true\" class=\"fas fa-chevron-right\"><\/i>\t\t\t\t\t\t<\/span>\n\t\t\t\t\t\t\t\t\t\t<span class=\"elementor-icon-list-text\">Astrologia<\/span>\n\t\t\t\t\t\t\t\t\t<\/li>\n\t\t\t\t\t\t<\/ul>\n\t\t\t\t<\/div>\n\t\t\t\t<\/div>\n\t\t\t\t\t<\/div>\n\t\t<\/div>\n\t\t\t\t\t<\/div>\n\t\t<\/section>\n\t\t\t\t<section class=\"elementor-section elementor-top-section elementor-element elementor-element-2688132 elementor-section-full_width elementor-section-height-default elementor-section-height-default\" data-id=\"2688132\" data-element_type=\"section\">\n\t\t\t\t\t\t<div class=\"elementor-container elementor-column-gap-default\">\n\t\t\t\t\t<div class=\"elementor-column elementor-col-50 elementor-top-column elementor-element elementor-element-a0318d5\" data-id=\"a0318d5\" data-element_type=\"column\">\n\t\t\t<div class=\"elementor-widget-wrap elementor-element-populated\">\n\t\t\t\t\t\t<div class=\"elementor-element elementor-element-b2a2266 elementor-widget elementor-widget-heading\" data-id=\"b2a2266\" data-element_type=\"widget\" data-widget_type=\"heading.default\">\n\t\t\t\t<div class=\"elementor-widget-container\">\n\t\t\t<h2 class=\"elementor-heading-title elementor-size-default\">O que \u00e9 astrologia e como esse instrumento milenar pode lhe ajudar na vida.\n<\/h2>\t\t<\/div>\n\t\t\t\t<\/div>\n\t\t\t\t<div class=\"elementor-element elementor-element-9adf4b1 elementor-widget elementor-widget-text-editor\" data-id=\"9adf4b1\" data-element_type=\"widget\" data-widget_type=\"text-editor.default\">\n\t\t\t\t<div class=\"elementor-widget-container\">\n\t\t\t<style>\/*! elementor - v3.20.0 - 11-03-2024 *\/\n.elementor-widget-text-editor.elementor-drop-cap-view-stacked .elementor-drop-cap{background-color:#69727d;color:#fff}.elementor-widget-text-editor.elementor-drop-cap-view-framed .elementor-drop-cap{color:#69727d;border:3px solid;background-color:transparent}.elementor-widget-text-editor:not(.elementor-drop-cap-view-default) .elementor-drop-cap{margin-top:8px}.elementor-widget-text-editor:not(.elementor-drop-cap-view-default) .elementor-drop-cap-letter{width:1em;height:1em}.elementor-widget-text-editor .elementor-drop-cap{float:left;text-align:center;line-height:1;font-size:50px}.elementor-widget-text-editor .elementor-drop-cap-letter{display:inline-block}<\/style>\t\t\t\t<p><span style=\"font-weight: 400;\">Astrologia \u00e9 um sistema de cren\u00e7as e pr\u00e1ticas que se baseia na ideia de que os movimentos e posi\u00e7\u00f5es dos planetas e outros corpos celestes no c\u00e9u influenciam a vida e personalidade de uma pessoa, \u00e1 partir da data, local e hora exata do seu nascimento.\u00a0<\/span><\/p>\t\t\t\t\t\t<\/div>\n\t\t\t\t<\/div>\n\t\t\t\t<div class=\"elementor-element elementor-element-29f7da0 elementor-align-left animated-slow elementor-invisible elementor-widget elementor-widget-button\" data-id=\"29f7da0\" data-element_type=\"widget\" data-settings=\"{&quot;_animation&quot;:&quot;fadeIn&quot;}\" data-widget_type=\"button.default\">\n\t\t\t\t<div class=\"elementor-widget-container\">\n\t\t\t\t\t<div class=\"elementor-button-wrapper\">\n\t\t\t<a class=\"elementor-button elementor-button-link elementor-size-sm\" href=\"https:\/\/sandraalvim.com\/pt-br\/produtos-sandra\/nodos-lunares\/\">\n\t\t\t\t\t\t<span class=\"elementor-button-content-wrapper\">\n\t\t\t\t\t\t<span class=\"elementor-button-text\">Agende uma consulta<\/span>\n\t\t<\/span>\n\t\t\t\t\t<\/a>\n\t\t<\/div>\n\t\t\t\t<\/div>\n\t\t\t\t<\/div>\n\t\t\t\t\t<\/div>\n\t\t<\/div>\n\t\t\t\t<div class=\"elementor-column elementor-col-50 elementor-top-column elementor-element elementor-element-f1011a8\" data-id=\"f1011a8\" data-element_type=\"column\">\n\t\t\t<div class=\"elementor-widget-wrap elementor-element-populated\">\n\t\t\t\t\t\t<div class=\"elementor-element elementor-element-afb80ee elementor-widget elementor-widget-image\" data-id=\"afb80ee\" data-element_type=\"widget\" data-widget_type=\"image.default\">\n\t\t\t\t<div class=\"elementor-widget-container\">\n\t\t\t<style>\/*! elementor - v3.20.0 - 11-03-2024 *\/\n.elementor-widget-image{text-align:center}.elementor-widget-image a{display:inline-block}.elementor-widget-image a img[src$=\".svg\"]{width:48px}.elementor-widget-image img{vertical-align:middle;display:inline-block}<\/style>\t\t\t\t\t\t\t\t\t\t<img fetchpriority=\"high\" decoding=\"async\" width=\"1024\" height=\"1024\" src=\"https:\/\/sandraalvim.com\/wp-content\/uploads\/2023\/12\/Astrologia-1024x1024.jpg\" class=\"attachment-large size-large wp-image-504\" alt=\"\" srcset=\"https:\/\/sandraalvim.com\/wp-content\/uploads\/2023\/12\/Astrologia-1024x1024.jpg 1024w, https:\/\/sandraalvim.com\/wp-content\/uploads\/2023\/12\/Astrologia-300x300.jpg 300w, https:\/\/sandraalvim.com\/wp-content\/uploads\/2023\/12\/Astrologia-150x150.jpg 150w, https:\/\/sandraalvim.com\/wp-content\/uploads\/2023\/12\/Astrologia-768x768.jpg 768w, https:\/\/sandraalvim.com\/wp-content\/uploads\/2023\/12\/Astrologia.jpg 1080w\" sizes=\"(max-width: 1024px) 100vw, 1024px\" \/>\t\t\t\t\t\t\t\t\t\t\t\t\t<\/div>\n\t\t\t\t<\/div>\n\t\t\t\t\t<\/div>\n\t\t<\/div>\n\t\t\t\t\t<\/div>\n\t\t<\/section>\n\t\t\t\t<section class=\"elementor-section elementor-top-section elementor-element elementor-element-e695299 elementor-section-full_width elementor-section-height-default elementor-section-height-default\" data-id=\"e695299\" data-element_type=\"section\" data-settings=\"{&quot;background_background&quot;:&quot;classic&quot;}\">\n\t\t\t\t\t\t\t<div class=\"elementor-background-overlay\"><\/div>\n\t\t\t\t\t\t\t<div class=\"elementor-container elementor-column-gap-default\">\n\t\t\t\t\t<div class=\"elementor-column elementor-col-100 elementor-top-column elementor-element elementor-element-6a340b6\" data-id=\"6a340b6\" data-element_type=\"column\">\n\t\t\t<div class=\"elementor-widget-wrap elementor-element-populated\">\n\t\t\t\t\t\t<div class=\"elementor-element elementor-element-1b2c452 elementor-widget elementor-widget-heading\" data-id=\"1b2c452\" data-element_type=\"widget\" data-widget_type=\"heading.default\">\n\t\t\t\t<div class=\"elementor-widget-container\">\n\t\t\t<h2 class=\"elementor-heading-title elementor-size-default\">Quando a astrologia come\u00e7ou?<\/h2>\t\t<\/div>\n\t\t\t\t<\/div>\n\t\t\t\t<div class=\"elementor-element elementor-element-dad20b5 elementor-widget elementor-widget-text-editor\" data-id=\"dad20b5\" data-element_type=\"widget\" data-widget_type=\"text-editor.default\">\n\t\t\t\t<div class=\"elementor-widget-container\">\n\t\t\t\t\t\t\t<p><span style=\"font-weight: 400;\">A astrologia tem ra\u00edzes antigas e sua hist\u00f3ria remonta a milhares de anos. Seu in\u00edcio exato \u00e9 dif\u00edcil de determinar, mas tra\u00e7os da astrologia podem ser encontrados em civiliza\u00e7\u00f5es antigas como a Mesopot\u00e2mia, a Babil\u00f4nia e o Egito, datando de cerca de 2000 A.C. Essas culturas usavam observa\u00e7\u00f5es celestiais para fazer previs\u00f5es e entender a influ\u00eancia dos planetas e estrelas nas vidas das pessoas. A astrologia evoluiu ao longo dos s\u00e9culos e assumiu diferentes formas em v\u00e1rias partes do mundo. Portanto, \u00e9 uma disciplina com uma longa hist\u00f3ria e uma variedade de tradi\u00e7\u00f5es.<\/span><\/p><p><span style=\"font-weight: 400;\">A disposi\u00e7\u00e3o dos planetas no momento do nascimento de uma pessoa, conhecido como mapa astral, revela tra\u00e7os de personalidade, destaca os talentos, habilidades e compreens\u00e3o de potenciais que podem ser desenvolvidos mais ainda quando existe a consci\u00eancia em rela\u00e7\u00e3o \u00e1 eles.\u00a0<\/span><\/p><p><span style=\"font-weight: 400;\">A astrologia nos ajuda a superar obst\u00e1culos, e desafios inevit\u00e1veis da vida, permitindo que voc\u00ea esteja mais preparado para super\u00e1-los, assim como insights sobre o futuro.\u00a0<\/span><\/p><p><span style=\"font-weight: 400;\">Esse instrumento milenar, \u00e9 usado tamb\u00e9m para criar previs\u00f5es e orienta\u00e7\u00e3o pessoal.<\/span><\/p>\t\t\t\t\t\t<\/div>\n\t\t\t\t<\/div>\n\t\t\t\t<div class=\"elementor-element elementor-element-080fdf9 animated-slow elementor-invisible elementor-widget elementor-widget-heading\" data-id=\"080fdf9\" data-element_type=\"widget\" data-settings=\"{&quot;_animation&quot;:&quot;zoomIn&quot;}\" data-widget_type=\"heading.default\">\n\t\t\t\t<div class=\"elementor-widget-container\">\n\t\t\t<h2 class=\"elementor-heading-title elementor-size-default\">Lembrando que n\u00f3s temos o livre arb\u00edtrio e podemos fazer escolhas, por\u00e9m com o autoconhecimento, nos tornamos \u2018o mestre de nossas vidas\u2019  \n<\/h2>\t\t<\/div>\n\t\t\t\t<\/div>\n\t\t\t\t\t<\/div>\n\t\t<\/div>\n\t\t\t\t\t<\/div>\n\t\t<\/section>\n\t\t\t\t<section class=\"elementor-section elementor-top-section elementor-element elementor-element-9d89f8f elementor-section-height-min-height elementor-section-boxed elementor-section-height-default elementor-section-items-middle\" data-id=\"9d89f8f\" data-element_type=\"section\" data-settings=\"{&quot;background_background&quot;:&quot;classic&quot;}\">\n\t\t\t\t\t\t\t<div class=\"elementor-background-overlay\"><\/div>\n\t\t\t\t\t\t\t<div class=\"elementor-container elementor-column-gap-default\">\n\t\t\t\t\t<div class=\"elementor-column elementor-col-100 elementor-top-column elementor-element elementor-element-5928bbf\" data-id=\"5928bbf\" data-element_type=\"column\">\n\t\t\t<div class=\"elementor-widget-wrap elementor-element-populated\">\n\t\t\t\t\t\t<div class=\"elementor-element elementor-element-b73d6ae elementor-widget elementor-widget-heading\" data-id=\"b73d6ae\" data-element_type=\"widget\" data-widget_type=\"heading.default\">\n\t\t\t\t<div class=\"elementor-widget-container\">\n\t\t\t<h2 class=\"elementor-heading-title elementor-size-default\">\"Os dois dias mais importantes na sua vida, s\u00e3o o dia em que voc\u00ea nasce e o dia em que descobre porqu\u00ea\"<\/h2>\t\t<\/div>\n\t\t\t\t<\/div>\n\t\t\t\t<div class=\"elementor-element elementor-element-0c09b9c elementor-widget elementor-widget-heading\" data-id=\"0c09b9c\" data-element_type=\"widget\" data-widget_type=\"heading.default\">\n\t\t\t\t<div class=\"elementor-widget-container\">\n\t\t\t<h2 class=\"elementor-heading-title elementor-size-default\">\n\u2014 Mark Twain<\/h2>\t\t<\/div>\n\t\t\t\t<\/div>\n\t\t\t\t<div class=\"elementor-element elementor-element-19a7034 elementor-align-center animated-slow elementor-invisible elementor-widget elementor-widget-button\" data-id=\"19a7034\" data-element_type=\"widget\" data-settings=\"{&quot;_animation&quot;:&quot;zoomIn&quot;}\" data-widget_type=\"button.default\">\n\t\t\t\t<div class=\"elementor-widget-container\">\n\t\t\t\t\t<div class=\"elementor-button-wrapper\">\n\t\t\t<a class=\"elementor-button elementor-button-link elementor-size-sm\" href=\"https:\/\/sandraalvim.com\/pt-br\/produtos-sandra\/nodos-lunares\/\">\n\t\t\t\t\t\t<span class=\"elementor-button-content-wrapper\">\n\t\t\t\t\t\t<span class=\"elementor-button-text\">Agende uma consulta<\/span>\n\t\t<\/span>\n\t\t\t\t\t<\/a>\n\t\t<\/div>\n\t\t\t\t<\/div>\n\t\t\t\t<\/div>\n\t\t\t\t\t<\/div>\n\t\t<\/div>\n\t\t\t\t\t<\/div>\n\t\t<\/section>\n\t\t\t\t<\/div>\n\t\t","protected":false},"excerpt":{"rendered":"<p>Astrologia In\u00edcio Astrologia O que \u00e9 astrologia e como esse instrumento milenar pode lhe ajudar na vida. Astrologia \u00e9 um sistema de cren\u00e7as e pr\u00e1ticas que se baseia na ideia de que os movimentos e posi\u00e7\u00f5es dos planetas e outros corpos celestes no c\u00e9u influenciam a vida e personalidade de uma pessoa, \u00e1 partir da [&hellip;]<\/p>\n","protected":false},"author":1,"featured_media":0,"parent":0,"menu_order":0,"comment_status":"closed","ping_status":"closed","template":"elementor_header_footer","meta":{"site-sidebar-layout":"no-sidebar","site-content-layout":"","ast-site-content-layout":"full-width-container","site-content-style":"default","site-sidebar-style":"default","ast-global-header-display":"","ast-banner-title-visibility":"","ast-main-header-display":"","ast-hfb-above-header-display":"","ast-hfb-below-header-display":"","ast-hfb-mobile-header-display":"","site-post-title":"disabled","ast-breadcrumbs-content":"","ast-featured-img":"disabled","footer-sml-layout":"","theme-transparent-header-meta":"default","adv-header-id-meta":"","stick-header-meta":"","header-above-stick-meta":"","header-main-stick-meta":"","header-below-stick-meta":"","astra-migrate-meta-layouts":"set","ast-page-background-enabled":"default","ast-page-background-meta":{"desktop":{"background-color":"var(--ast-global-color-4)","background-image":"","background-repeat":"repeat","background-position":"center center","background-size":"auto","background-attachment":"scroll","background-type":"","background-media":"","overlay-type":"","overlay-color":"","overlay-gradient":""},"tablet":{"background-color":"","background-image":"","background-repeat":"repeat","background-position":"center center","background-size":"auto","background-attachment":"scroll","background-type":"","background-media":"","overlay-type":"","overlay-color":"","overlay-gradient":""},"mobile":{"background-color":"","background-image":"","background-repeat":"repeat","background-position":"center center","background-size":"auto","background-attachment":"scroll","background-type":"","background-media":"","overlay-type":"","overlay-color":"","overlay-gradient":""}},"ast-content-background-meta":{"desktop":{"background-color":"var(--ast-global-color-5)","background-image":"","background-repeat":"repeat","background-position":"center center","background-size":"auto","background-attachment":"scroll","background-type":"","background-media":"","overlay-type":"","overlay-color":"","overlay-gradient":""},"tablet":{"background-color":"var(--ast-global-color-5)","background-image":"","background-repeat":"repeat","background-position":"center center","background-size":"auto","background-attachment":"scroll","background-type":"","background-media":"","overlay-type":"","overlay-color":"","overlay-gradient":""},"mobile":{"background-color":"var(--ast-global-color-5)","background-image":"","background-repeat":"repeat","background-position":"center center","background-size":"auto","background-attachment":"scroll","background-type":"","background-media":"","overlay-type":"","overlay-color":"","overlay-gradient":""}},"footnotes":""},"yoast_head":"<!-- This site is optimized with the Yoast SEO plugin v21.6 - https:\/\/yoast.com\/wordpress\/plugins\/seo\/ -->\n<title>Astrologia - Sandra Alvim<\/title>\n<meta name=\"robots\" content=\"index, follow, max-snippet:-1, max-image-preview:large, max-video-preview:-1\" \/>\n<link rel=\"canonical\" href=\"https:\/\/sandraalvim.com\/en\/astrology-2\/\" \/>\n<meta property=\"og:locale\" content=\"pt_BR\" \/>\n<meta property=\"og:type\" content=\"article\" \/>\n<meta property=\"og:title\" content=\"Astrologia - Sandra Alvim\" \/>\n<meta property=\"og:description\" content=\"Astrologia In\u00edcio Astrologia O que \u00e9 astrologia e como esse instrumento milenar pode lhe ajudar na vida. Astrologia \u00e9 um sistema de cren\u00e7as e pr\u00e1ticas que se baseia na ideia de que os movimentos e posi\u00e7\u00f5es dos planetas e outros corpos celestes no c\u00e9u influenciam a vida e personalidade de uma pessoa, \u00e1 partir da [&hellip;]\" \/>\n<meta property=\"og:url\" content=\"https:\/\/sandraalvim.com\/en\/astrology-2\/\" \/>\n<meta property=\"og:site_name\" content=\"Sandra Alvim\" \/>\n<meta property=\"article:modified_time\" content=\"2024-03-06T20:34:10+00:00\" \/>\n<meta property=\"og:image\" content=\"https:\/\/sandraalvim.com\/wp-content\/uploads\/2023\/12\/Astrologia-1024x1024.jpg\" \/>\n<meta name=\"twitter:card\" content=\"summary_large_image\" \/>\n<meta name=\"twitter:label1\" content=\"Est. tempo de leitura\" \/>\n\t<meta name=\"twitter:data1\" content=\"2 minutos\" \/>\n<script type=\"application\/ld+json\" class=\"yoast-schema-graph\">{\"@context\":\"https:\/\/schema.org\",\"@graph\":[{\"@type\":\"WebPage\",\"@id\":\"https:\/\/sandraalvim.com\/en\/astrology-2\/\",\"url\":\"https:\/\/sandraalvim.com\/en\/astrology-2\/\",\"name\":\"Astrologia - Sandra Alvim\",\"isPartOf\":{\"@id\":\"https:\/\/sandraalvim.com\/pt-br\/#website\"},\"datePublished\":\"2024-01-26T12:53:02+00:00\",\"dateModified\":\"2024-03-06T20:34:10+00:00\",\"breadcrumb\":{\"@id\":\"https:\/\/sandraalvim.com\/en\/astrology-2\/#breadcrumb\"},\"inLanguage\":\"pt-BR\",\"potentialAction\":[{\"@type\":\"ReadAction\",\"target\":[\"https:\/\/sandraalvim.com\/en\/astrology-2\/\"]}]},{\"@type\":\"BreadcrumbList\",\"@id\":\"https:\/\/sandraalvim.com\/en\/astrology-2\/#breadcrumb\",\"itemListElement\":[{\"@type\":\"ListItem\",\"position\":1,\"name\":\"Home\",\"item\":\"https:\/\/sandraalvim.com\/pt-br\/\"},{\"@type\":\"ListItem\",\"position\":2,\"name\":\"Astrologia\"}]},{\"@type\":\"WebSite\",\"@id\":\"https:\/\/sandraalvim.com\/pt-br\/#website\",\"url\":\"https:\/\/sandraalvim.com\/pt-br\/\",\"name\":\"Sandra Alvim\",\"description\":\"O Poder Dos Nodos Lunares\",\"publisher\":{\"@id\":\"https:\/\/sandraalvim.com\/pt-br\/#organization\"},\"potentialAction\":[{\"@type\":\"SearchAction\",\"target\":{\"@type\":\"EntryPoint\",\"urlTemplate\":\"https:\/\/sandraalvim.com\/pt-br\/?s={search_term_string}\"},\"query-input\":\"required name=search_term_string\"}],\"inLanguage\":\"pt-BR\"},{\"@type\":\"Organization\",\"@id\":\"https:\/\/sandraalvim.com\/pt-br\/#organization\",\"name\":\"Sandra Alvim\",\"url\":\"https:\/\/sandraalvim.com\/pt-br\/\",\"logo\":{\"@type\":\"ImageObject\",\"inLanguage\":\"pt-BR\",\"@id\":\"https:\/\/sandraalvim.com\/pt-br\/#\/schema\/logo\/image\/\",\"url\":\"https:\/\/sandraalvim.com\/wp-content\/uploads\/2023\/05\/Imagem-do-WhatsApp-de-2023-05-24-as-10.11.18.jpg\",\"contentUrl\":\"https:\/\/sandraalvim.com\/wp-content\/uploads\/2023\/05\/Imagem-do-WhatsApp-de-2023-05-24-as-10.11.18.jpg\",\"width\":1280,\"height\":1080,\"caption\":\"Sandra Alvim\"},\"image\":{\"@id\":\"https:\/\/sandraalvim.com\/pt-br\/#\/schema\/logo\/image\/\"}}]}<\/script>\n<!-- \/ Yoast SEO plugin. -->","yoast_head_json":{"title":"Astrologia - Sandra Alvim","robots":{"index":"index","follow":"follow","max-snippet":"max-snippet:-1","max-image-preview":"max-image-preview:large","max-video-preview":"max-video-preview:-1"},"canonical":"https:\/\/sandraalvim.com\/en\/astrology-2\/","og_locale":"pt_BR","og_type":"article","og_title":"Astrologia - Sandra Alvim","og_description":"Astrologia In\u00edcio Astrologia O que \u00e9 astrologia e como esse instrumento milenar pode lhe ajudar na vida. Astrologia \u00e9 um sistema de cren\u00e7as e pr\u00e1ticas que se baseia na ideia de que os movimentos e posi\u00e7\u00f5es dos planetas e outros corpos celestes no c\u00e9u influenciam a vida e personalidade de uma pessoa, \u00e1 partir da [&hellip;]","og_url":"https:\/\/sandraalvim.com\/en\/astrology-2\/","og_site_name":"Sandra Alvim","article_modified_time":"2024-03-06T20:34:10+00:00","og_image":[{"url":"https:\/\/sandraalvim.com\/wp-content\/uploads\/2023\/12\/Astrologia-1024x1024.jpg"}],"twitter_card":"summary_large_image","twitter_misc":{"Est. tempo de leitura":"2 minutos"},"schema":{"@context":"https:\/\/schema.org","@graph":[{"@type":"WebPage","@id":"https:\/\/sandraalvim.com\/en\/astrology-2\/","url":"https:\/\/sandraalvim.com\/en\/astrology-2\/","name":"Astrologia - Sandra Alvim","isPartOf":{"@id":"https:\/\/sandraalvim.com\/pt-br\/#website"},"datePublished":"2024-01-26T12:53:02+00:00","dateModified":"2024-03-06T20:34:10+00:00","breadcrumb":{"@id":"https:\/\/sandraalvim.com\/en\/astrology-2\/#breadcrumb"},"inLanguage":"pt-BR","potentialAction":[{"@type":"ReadAction","target":["https:\/\/sandraalvim.com\/en\/astrology-2\/"]}]},{"@type":"BreadcrumbList","@id":"https:\/\/sandraalvim.com\/en\/astrology-2\/#breadcrumb","itemListElement":[{"@type":"ListItem","position":1,"name":"Home","item":"https:\/\/sandraalvim.com\/pt-br\/"},{"@type":"ListItem","position":2,"name":"Astrologia"}]},{"@type":"WebSite","@id":"https:\/\/sandraalvim.com\/pt-br\/#website","url":"https:\/\/sandraalvim.com\/pt-br\/","name":"Sandra Alvim","description":"O Poder Dos Nodos Lunares","publisher":{"@id":"https:\/\/sandraalvim.com\/pt-br\/#organization"},"potentialAction":[{"@type":"SearchAction","target":{"@type":"EntryPoint","urlTemplate":"https:\/\/sandraalvim.com\/pt-br\/?s={search_term_string}"},"query-input":"required name=search_term_string"}],"inLanguage":"pt-BR"},{"@type":"Organization","@id":"https:\/\/sandraalvim.com\/pt-br\/#organization","name":"Sandra Alvim","url":"https:\/\/sandraalvim.com\/pt-br\/","logo":{"@type":"ImageObject","inLanguage":"pt-BR","@id":"https:\/\/sandraalvim.com\/pt-br\/#\/schema\/logo\/image\/","url":"https:\/\/sandraalvim.com\/wp-content\/uploads\/2023\/05\/Imagem-do-WhatsApp-de-2023-05-24-as-10.11.18.jpg","contentUrl":"https:\/\/sandraalvim.com\/wp-content\/uploads\/2023\/05\/Imagem-do-WhatsApp-de-2023-05-24-as-10.11.18.jpg","width":1280,"height":1080,"caption":"Sandra Alvim"},"image":{"@id":"https:\/\/sandraalvim.com\/pt-br\/#\/schema\/logo\/image\/"}}]}},"_links":{"self":[{"href":"https:\/\/sandraalvim.com\/pt-br\/wp-json\/wp\/v2\/pages\/979"}],"collection":[{"href":"https:\/\/sandraalvim.com\/pt-br\/wp-json\/wp\/v2\/pages"}],"about":[{"href":"https:\/\/sandraalvim.com\/pt-br\/wp-json\/wp\/v2\/types\/page"}],"author":[{"embeddable":true,"href":"https:\/\/sandraalvim.com\/pt-br\/wp-json\/wp\/v2\/users\/1"}],"replies":[{"embeddable":true,"href":"https:\/\/sandraalvim.com\/pt-br\/wp-json\/wp\/v2\/comments?post=979"}],"version-history":[{"count":8,"href":"https:\/\/sandraalvim.com\/pt-br\/wp-json\/wp\/v2\/pages\/979\/revisions"}],"predecessor-version":[{"id":1158,"href":"https:\/\/sandraalvim.com\/pt-br\/wp-json\/wp\/v2\/pages\/979\/revisions\/1158"}],"wp:attachment":[{"href":"https:\/\/sandraalvim.com\/pt-br\/wp-json\/wp\/v2\/media?parent=979"}],"curies":[{"name":"wp","href":"https:\/\/api.w.org\/{rel}","templated":true}]}}